{"id":1161,"date":"2024-01-31T22:35:04","date_gmt":"2024-01-31T21:35:04","guid":{"rendered":"https:\/\/inlog.hu\/imprint\/"},"modified":"2024-02-09T11:40:10","modified_gmt":"2024-02-09T10:40:10","slug":"imprint","status":"publish","type":"page","link":"https:\/\/inlog.hu\/en\/imprint\/","title":{"rendered":"Imprint"},"content":{"rendered":"\n<!-- Legal document generated by Complianz | GDPR\/CCPA Cookie Consent https:\/\/wordpress.org\/plugins\/complianz-gdpr -->\n<div id=\"cmplz-document\" class=\"cmplz-document impressum cmplz-document-all\"><p><i>This imprint was last updated on March 10, 2026.<\/i><\/p><p class=\"cmplz-subtitle\">The owner of this website is:<\/p><p>inLOG&amp;CO Kft. Kft<br>2049 Di\u00f3sd, Homokb\u00e1nya \u00fat 77.<br>Hungary<br>Email:&nbsp;<span class=\"cmplz-obfuscate\">in&#108;&#111;g@<span class=\"cmplz-fmail-domain\">ex.c&#111;&#109;<\/span>in&#108;og&#046;&#104;u<\/span><br>Phone number: +36-30-159-4490<br>VAT ID:&nbsp;27904990-2-13<\/p><p class=\"cmplz-subtitle\">The legal representative(s) of inLOG&amp;CO Kft. Kft:<\/p><p>Balog J\u00f3zsef<\/p><h2>1. General<\/h2><p class=\"cmplz-subtitle\">1.1 We are registered at Budapest K\u00f6rny\u00e9ki T\u00f6rv\u00e9nysz\u00e9k C\u00e9gb\u00edr\u00f3s\u00e1ga under the license or registration number:<\/p><p>13-09-204886<\/p><p>We are not willing or obliged to participate in dispute resolution procedures before a consumer arbitration board.<\/p><\/div>","protected":false},"excerpt":{"rendered":"","protected":false},"author":1,"featured_media":0,"parent":0,"menu_order":0,"comment_status":"closed","ping_status":"closed","template":"","meta":{"_et_pb_use_builder":"on","_et_pb_old_content":"","_et_gb_content_width":"","footnotes":""},"class_list":["post-1161","page","type-page","status-publish","hentry"],"_links":{"self":[{"href":"https:\/\/inlog.hu\/en\/wp-json\/wp\/v2\/pages\/1161","targetHints":{"allow":["GET"]}}],"collection":[{"href":"https:\/\/inlog.hu\/en\/wp-json\/wp\/v2\/pages"}],"about":[{"href":"https:\/\/inlog.hu\/en\/wp-json\/wp\/v2\/types\/page"}],"author":[{"embeddable":true,"href":"https:\/\/inlog.hu\/en\/wp-json\/wp\/v2\/users\/1"}],"replies":[{"embeddable":true,"href":"https:\/\/inlog.hu\/en\/wp-json\/wp\/v2\/comments?post=1161"}],"version-history":[{"count":1,"href":"https:\/\/inlog.hu\/en\/wp-json\/wp\/v2\/pages\/1161\/revisions"}],"predecessor-version":[{"id":1162,"href":"https:\/\/inlog.hu\/en\/wp-json\/wp\/v2\/pages\/1161\/revisions\/1162"}],"wp:attachment":[{"href":"https:\/\/inlog.hu\/en\/wp-json\/wp\/v2\/media?parent=1161"}],"curies":[{"name":"wp","href":"https:\/\/api.w.org\/{rel}","templated":true}]}}